  {"id":8527,"date":"2022-05-13T13:33:36","date_gmt":"2022-05-13T17:33:36","guid":{"rendered":"http:\/\/149.4.100.129\/academics\/rm\/?page_id=8527"},"modified":"2025-10-07T08:59:20","modified_gmt":"2025-10-07T12:59:20","slug":"faculty-directory-john-wagner","status":"publish","type":"page","link":"https:\/\/www.qc.cuny.edu\/academics\/rm\/faculty-directory-john-wagner\/","title":{"rendered":"John Wagner"},"content":{"rendered":"<p>[et_pb_section fb_built=&#8221;1&#8243; _builder_version=&#8221;4.16&#8243; background_color=&#8221;rgba(0,0,0,0)&#8221; custom_padding=&#8221;16px|||||&#8221; global_colors_info=&#8221;{}&#8221;][et_pb_row column_structure=&#8221;2_3,1_3&#8243; _builder_version=&#8221;4.17.3&#8243; _module_preset=&#8221;default&#8221; global_colors_info=&#8221;{}&#8221;][et_pb_column type=&#8221;2_3&#8243; _builder_version=&#8221;4.17.3&#8243; _module_preset=&#8221;default&#8221; global_colors_info=&#8221;{}&#8221;][et_pb_text _builder_version=&#8221;4.17.3&#8243; _module_preset=&#8221;default&#8221; text_font=&#8221;Open Sans||||||||&#8221; text_font_size=&#8221;16px&#8221; header_4_font=&#8221;Open Sans|600|||on||||&#8221; header_4_text_color=&#8221;#E71939&#8243; global_colors_info=&#8221;{}&#8221;]<\/p>\n<p><strong>U.S. Department of the Treasury\u00a0 \u00a0 \u00a0 \u00a0 \u00a0 \u00a0 \u00a0 \u00a0 \u00a0 \u00a0 \u00a0 \u00a0 \u00a0 \u00a0 \u00a0 \u00a0 \u00a0 \u00a0 \u00a0 \u00a0 \u00a0 \u00a0 \u00a0 \u00a0 \u00a0 \u00a0 \u00a0 \u00a0 \u00a0 \u00a0 \u00a0 \u00a0 \u00a0 \u00a0 \u00a0 \u00a0 \u00a0 \u00a0 \u00a0 \u00a0 \u00a0 \u00a0 \u00a0<\/strong>2012-2022<br \/><strong>Office of the Comptroller of the Currency (\u201cOCC\u201d)<br \/><\/strong><strong>Bank Examiner \u2013 Large Bank Division<\/strong><\/p>\n<p>Commercial Credit Team member overseeing various portfolios of a mega-bank and a large bank responsible for the Credit Review function of commercial and investment bank divisions of the mega-bank. Portfolios overseen are Asset Based Lending, Asset Managers, Business Development Companies, Collateral Loan Obligations, Corporate Banking, Hedge Funds, Healthcare, Public Finance, Real Estate, Securitizations, Specialty Finance, Structured Finance, Telecommunications, Media, and Technology, among others. Led and co-led examiners on projects and portfolios and participated in examinations at other banks, including Examiner-In-Charge, Team and Training Team Leader, in Shared National Credit Examinations covering complex transactions, such as Leveraged Lending financings. Worked on projects and collaborated with other regulators, such as the Federal Reserve Bank and Federal Depository Insurance Corporation. Assigned to the college recruiting team for the agency and mentored and trained fellow bank examiners.<\/p>\n<p><strong>Molloy University, Rockville Centre, NY\u00a0 \u00a0 \u00a0 \u00a0 \u00a0 \u00a0 \u00a0 \u00a0 \u00a0 \u00a0 \u00a0 \u00a0 \u00a0 \u00a0 \u00a0 \u00a0 \u00a0 \u00a0 \u00a0 \u00a0 \u00a0 \u00a0 \u00a0 \u00a0 \u00a0 \u00a0 \u00a0 \u00a0 \u00a0 \u00a0 \u00a0 \u00a0 \u00a0 <\/strong>2013-Present<br \/><strong>Adjunct Instructor of Corporate Financial Management (graduate) <br \/><\/strong><strong>and Fundamental Analysis and Company Valuation (undergraduate)<\/strong><\/p>\n<p><strong>ºì¶¹ÊÓÆµ, City University of New York, Flushing, NY\u00a0 \u00a0 \u00a0 \u00a0 \u00a0 \u00a0 \u00a0 \u00a0 \u00a0 \u00a0 \u00a0 \u00a0 \u00a0 \u00a0 \u00a0<\/strong>2012-Present<br \/><strong>Adjunct Lecturer of Corporate Finance and Fixed Income and Bond Analysis (graduate school); Corporate Finance and Introduction to Macroeconomics (undergraduate)<\/strong><\/p>\n<p><strong>MJX Asset Management, LLC, New York, NY\u00a0 \u00a0 \u00a0 \u00a0 \u00a0 \u00a0 \u00a0 \u00a0 \u00a0 \u00a0 \u00a0 \u00a0 \u00a0 \u00a0 \u00a0 \u00a0 \u00a0 \u00a0 \u00a0 \u00a0 \u00a0 \u00a0 \u00a0 \u00a0 \u00a0 \u00a0 \u00a0 \u00a0 \u00a0 \u00a0 \u00a0<\/strong>2007-2012<br \/><strong>Managing Director\/Portfolio Manager<br \/><\/strong>Responsible for investing in broadly syndicated leveraged loans and high yield bonds through<\/p>\n<p>Collateralized Loan Obligation (\u201cCLO\u201d) vehicles with total assets under management in excess of $4.4 billion. Managed and optimized the portfolio through regular credit monitoring, relative value arbitrage, and trading.<\/p>\n<ul>\n<li>Presented and recommended investments in leveraged transactions in the primary market as well as identified secondary purchases\/sales and trading opportunities based on credit fundamentals and relative value arbitrage.<\/li>\n<\/ul>\n<ul>\n<li>Prepared and presented quarterly industry reviews with extensive credit emphasis on individual assets in the following industries: Aerospace &amp; Defense, Consumer, Containers, Food &amp; Beverage, General Corporate, Healthcare, and Oil &amp; Gas.<\/li>\n<li>Responsible for determining recovery values in distressed situations and comparing such values with market levels with a goal to maximize recoveries.<\/li>\n<\/ul>\n<p><strong>Soci\u00e9t\u00e9 G\u00e9n\u00e9rale\/SG Cowen Securities Corporation, New York, NY\u00a0 \u00a0 \u00a0 \u00a0 \u00a0 \u00a0 \u00a0 \u00a0 \u00a0 \u00a0 \u00a0 <\/strong>1983-2007<br \/><strong>Director, Global Credit Portfolio Management\u00a0 \u00a0 \u00a0 \u00a0 \u00a0 \u00a0 \u00a0 \u00a0 \u00a0 \u00a0 \u00a0 \u00a0 \u00a0 \u00a0 \u00a0 \u00a0 \u00a0 \u00a0 \u00a0 \u00a0 \u00a0 \u00a0 \u00a0 \u00a0 \u00a0 \u00a0 \u00a0 \u00a0 \u00a0 \u00a0 <\/strong>1998-2007<\/p>\n<p>Key player in the structuring, start-up, and management of the infrastructure of Soci\u00e9t\u00e9 G\u00e9n\u00e9rale\u2019s CLO business. Managed ten global portfolios of $11 billion for the Americas division of SG covering the US and Latin America using domestic and overseas credit derivatives swap portfolios, asset sales, and first-to default credit default swap portfolios to optimize credit, concentrations, and economic and regulatory capital.<\/p>\n<ul>\n<li>Responsible for identifying profitable opportunities to optimize and improve the risk profile of the portfolio, including Relative Value trades, and long and short credit derivative positions on single name transactions.<\/li>\n<\/ul>\n<ul>\n<li>As interim Head of Global Credit Portfolio Management between 2001 and 2002 increased the Group\u2019s annual Net Income from $136 thousand to $8.2 million through the identification of long Credit Default Swap (\u201cCDS\u201d) positions, asset swaps, unwinding profitable CDS positions, and other opportunities.<\/li>\n<\/ul>\n<ul>\n<li>Launched and managed SG\u2019s first CLO with $2.7 billion in assets.<\/li>\n<li>CDS positions were initiated and purchased on a company that subsequently defaulted and filed for Chapter 11 protection. The swap positions resulted in approximately $12 million of net profit to the Bank.<\/li>\n<\/ul>\n<ul>\n<li>CDS Sold positions of $100 million were executed that diversified the portfolio and resulted in approximately $1.5 million of net profit to SG. Identified an opportunity whereby a CDS was purchased and unwound within one month resulting in a net profit of $700 thousand on a $10 million position.<\/li>\n<\/ul>\n<ul>\n<li>Arranged, proactively managed, and monitored the portfolio using KMV and other market warning signals to identify potential deteriorating credits, improve the EVA and Mark-to-Market, and reduce Concentrations in the portfolio.<\/li>\n<\/ul>\n<ul>\n<li>Prepared Market Price Assessments on initial transactions, opining on pricing, concentrations, and credit profiles.<\/li>\n<li>Provided periodic corporate and industry analysis on sectors such as Automotive, Chemicals, Gaming, Lodging &amp; Leisure, General Corporate, Leveraged Finance, Oil &amp; Gas, Project Finance, Sports, and Utilities.<\/li>\n<li>Actively managed and provided quarterly analysis of the portfolio, measuring economic capital requirements, risk adjusted profitability, and business unit performance.<\/li>\n<\/ul>\n<p><strong>Vice President and Team Leader, Leveraged Finance Group\u00a0 \u00a0 \u00a0 \u00a0 \u00a0 \u00a0 \u00a0 \u00a0 \u00a0 \u00a0 \u00a0 \u00a0 \u00a0 \u00a0 \u00a0 \u00a0 \u00a0 \u00a0<\/strong>1990-1998<\/p>\n<p>Sourced, analyzed, structured, negotiated, documented, closed and managed transactions covering bridge financings, mergers and acquisitions, distressed and asset-based situations, debtor-in-possession financings, turnarounds, workouts, refinancings, recapitalizations, subordinated debt, and cross-border transactions. Worked with the Merchant Banking Division in the analysis, recommendation, and management of investments in equity funds that approximated $300 million.<\/p>\n<ul>\n<li>Contributed Leveraged Finance Net Banking Income on an annual basis with an average ROE in excess of 40%.<\/li>\n<li>Strong ability to evaluate complex financial transactions and determine the appropriate capital structure that required senior secured financing, senior notes and mezzanine debt. Analyzed off-balance sheet needs including documentary and standby letters of credit, financial derivative products, foreign exchange, and leasing.<\/li>\n<\/ul>\n<p><strong>Assistant Vice President, Credit Review\u00a0 \u00a0 \u00a0 \u00a0 \u00a0 \u00a0 \u00a0 \u00a0 \u00a0 \u00a0 \u00a0 \u00a0 \u00a0 \u00a0 \u00a0 \u00a0 \u00a0 \u00a0 \u00a0 \u00a0 \u00a0 \u00a0 \u00a0 \u00a0 \u00a0 \u00a0 \u00a0 \u00a0 \u00a0 \u00a0 \u00a0 \u00a0 \u00a0 \u00a0 \u00a0 \u00a0 <\/strong>1988-1990<\/p>\n<p>Performed credit review functions for the U.S. portfolio. Reviewed the adequacy of the loan loss reserve, coordinated training for U.S. and overseas personnel in Credit and Corporate Finance, and assigned to special projects and performed studies on lending to specific industries, such as Insurance and the Mutual Fund industries.<\/p>\n<p><strong>Assistant Treasurer\/Credit Analyst\u00a0 \u00a0 \u00a0 \u00a0 \u00a0 \u00a0 \u00a0 \u00a0 \u00a0 \u00a0 \u00a0 \u00a0 \u00a0 \u00a0 \u00a0 \u00a0 \u00a0 \u00a0 \u00a0 \u00a0 \u00a0 \u00a0 \u00a0 \u00a0 \u00a0 \u00a0 \u00a0 \u00a0 \u00a0 \u00a0 \u00a0 \u00a0 \u00a0 \u00a0 \u00a0 \u00a0 \u00a0 \u00a0 \u00a0 \u00a0 <\/strong>1985-1988<\/p>\n<p>Developed the budget process for the Bank in addition responsible for regulatory and management reporting, and Accounts Payable.<\/p>\n<p><strong>Financial Officer\/Financial Analyst\u00a0 \u00a0 \u00a0 \u00a0 \u00a0 \u00a0 \u00a0 \u00a0 \u00a0 \u00a0 \u00a0 \u00a0 \u00a0 \u00a0 \u00a0 \u00a0 \u00a0 \u00a0 \u00a0 \u00a0 \u00a0 \u00a0 \u00a0 \u00a0 \u00a0 \u00a0 \u00a0 \u00a0 \u00a0 \u00a0 \u00a0 \u00a0 \u00a0 \u00a0 \u00a0 \u00a0 \u00a0 \u00a0 \u00a0 \u00a0 <\/strong>1983-1985<\/p>\n<p>Deputy in the Financial Department of the Controller\u2019s Group. Directly managed several units of the Financial Department that included Budget, Reports, and Accounts Payable.<\/p>\n<p><strong>EDUCATION:<\/strong><\/p>\n<p><span style=\"font-size: 16px\">M.B.A. Accounting, Iona University, New Rochelle, NY<\/span><\/p>\n<p>B.A. Mathematics, Iona University, New Rochelle, NY<\/p>\n<p>Credit Training Program, JPMorgan Chase &amp; Co., New York, NY<\/p>\n<p>Computer proficiency in Excel, Word, and PowerPoint.<\/p>\n<p><strong>COMMUNITY SERVICE &amp; PROFESSIONAL AFFILIATIONS:<\/strong><\/p>\n<ul>\n<li>Planning Committee member of Catholic Health Services of Long Island (2020-Present).<\/li>\n<li>Board of Director and Finance Committee member of Catholic Health Services of Long Island (2011-2019).<\/li>\n<li>Credentialing Committee member (2015-2019) and Planning Committee member (2020-Present) of Catholic Health Services of Long Island.<\/li>\n<li>Adjunct Professor of Accounting, Corporate Finance, and Public Policy at Long Island University (Graduate and Undergraduate).<\/li>\n<li>Adjunct Professor of Accounting, Business Mathematics, and Corporate Finance at the American Institute of Banking (Undergraduate).<\/li>\n<li>Guest speaker on Corporate Finance topics, including Fordham University.<\/li>\n<li>Board of Director member of the Valley Stream Little League (2000-2012).<\/li>\n<li>Organized and responsible for local and district level Knights of Columbus Free Throw youth basketball competition.<\/li>\n<li>Chairperson and member of Holy Name of Mary Pastoral Council (2005-2009).<\/li>\n<li>Chairperson of a Regional School Board; elected to Holy Name of Mary School Board<\/li>\n<\/ul>\n<p>\u00a0Professor Wagner can be reached by email: <a href=\"mailto:John.Wagner@qc.cuny.edu\">John.Wagner@qc.cuny.edu<\/a>\u00a0<\/p>\n<p>[\/et_pb_text][\/et_pb_column][et_pb_column type=&#8221;1_3&#8243; _builder_version=&#8221;4.17.3&#8243; _module_preset=&#8221;default&#8221; custom_padding=&#8221;|||20px|false|false&#8221; custom_padding_tablet=&#8221;20px|||0px|false|false&#8221; custom_padding_phone=&#8221;20px|||0px|false|false&#8221; custom_padding_last_edited=&#8221;on|desktop&#8221; border_width_left=&#8221;1px&#8221; border_width_top_tablet=&#8221;1px&#8221; border_width_top_phone=&#8221;1px&#8221; border_width_top_last_edited=&#8221;on|desktop&#8221; border_width_left_tablet=&#8221;0px&#8221; border_width_left_phone=&#8221;0px&#8221; border_width_left_last_edited=&#8221;on|desktop&#8221; global_colors_info=&#8221;{}&#8221;][et_pb_text _builder_version=&#8221;4.17.3&#8243; _module_preset=&#8221;default&#8221; text_font=&#8221;Open Sans||||||||&#8221; text_font_size=&#8221;16px&#8221; header_4_font=&#8221;Open Sans|600|||on||||&#8221; header_4_text_color=&#8221;#000000&#8243; global_colors_info=&#8221;{}&#8221;]<\/p>\n<ul>\n<li>\n<ul>\n<li>\n<h4 style=\"text-align: justify\" class=\"ms-standardheader ms-WPTitle\"><span>Faculty Directory<\/span><span id=\"WebPartCaptionWPQ4\"><\/span><\/h4>\n<ul>\n<li><a href=\"https:\/\/www.qc.cuny.edu\/academics\/rm\/faculty-directory-sylvain-bouteille\/\">Sylvain Bouteille, MS, MBA<\/a><\/li>\n<li><a href=\"https:\/\/www.qc.cuny.edu\/academics\/rm\/faculty-directory-michael-dellova\/\">Michael Dellova, MA, MBA<\/a><\/li>\n<li><a href=\"https:\/\/www.qc.cuny.edu\/academics\/rm\/faculty-directory-adam-kapelner\/\">Adam Kapelner, PhD<\/a><\/li>\n<li><a href=\"https:\/\/www.qc.cuny.edu\/academics\/rm\/faculty-directory-cara-marshall\/\" style=\"font-size: 16px\">Cara Marshall, MBA, PhD<\/a><\/li>\n<li><a href=\"https:\/\/www.qc.cuny.edu\/academics\/rm\/faculty-directory-francois-de-paul-silatchom\/\">Francois De Paul Silatchom, PhD, CQF<\/a><\/li>\n<li><a href=\"https:\/\/www.qc.cuny.edu\/academics\/rm\/faculty-directory-edward-talisse\/\" style=\"font-size: 16px\">Edward Talisse, CFA, CPA, FRM, CQF, MBA<\/a><\/li>\n<li><a href=\"https:\/\/www.qc.cuny.edu\/academics\/rm\/faculty-directory-john-wagner\/\">John Wagner, MBA<\/a><\/li>\n<li><a href=\"https:\/\/www.qc.cuny.edu\/academics\/rm\/faculty-directory-yan-yan-2\/\">Yan Yan, PhD<\/a><\/li>\n<\/ul>\n<\/li>\n<\/ul>\n<p><u><a href=\"https:\/\/www.qc.cuny.edu\/academics\/rm\/faculty-directory-jian-xiao\/\"><\/a><\/u><\/p>\n<p><span><a href=\"https:\/\/www.qc.cuny.edu\/academics\/rm\/faculty-directory-sylvain-bouteille\/\"><\/a><\/span><\/p>\n<\/li>\n<\/ul>\n<p>[\/et_pb_text][\/et_pb_column][\/et_pb_row][\/et_pb_section]<\/p>\n","protected":false},"excerpt":{"rendered":"<p>U.S. Department of the Treasury\u00a0 \u00a0 \u00a0 \u00a0 \u00a0 \u00a0 \u00a0 \u00a0 \u00a0 \u00a0 \u00a0 \u00a0 \u00a0 \u00a0 \u00a0 \u00a0 \u00a0 \u00a0 \u00a0 \u00a0 \u00a0 \u00a0 \u00a0 \u00a0 \u00a0 \u00a0 \u00a0 \u00a0 \u00a0 \u00a0 \u00a0 \u00a0 \u00a0 \u00a0 \u00a0 \u00a0 \u00a0 \u00a0 \u00a0 \u00a0 \u00a0 \u00a0 \u00a02012-2022Office of the Comptroller of the Currency (\u201cOCC\u201d)Bank Examiner [&hellip;]<\/p>\n","protected":false},"author":2,"featured_media":0,"parent":0,"menu_order":0,"comment_status":"closed","ping_status":"closed","template":"","meta":{"_et_pb_use_builder":"on","_et_pb_old_content":"","_et_gb_content_width":"","inline_featured_image":false,"footnotes":""},"page_category":[],"wf_page_folders":[199],"class_list":["post-8527","page","type-page","status-publish","hentry"],"_links":{"self":[{"href":"https:\/\/www.qc.cuny.edu\/academics\/rm\/wp-json\/wp\/v2\/pages\/8527","targetHints":{"allow":["GET"]}}],"collection":[{"href":"https:\/\/www.qc.cuny.edu\/academics\/rm\/wp-json\/wp\/v2\/pages"}],"about":[{"href":"https:\/\/www.qc.cuny.edu\/academics\/rm\/wp-json\/wp\/v2\/types\/page"}],"author":[{"embeddable":true,"href":"https:\/\/www.qc.cuny.edu\/academics\/rm\/wp-json\/wp\/v2\/users\/2"}],"replies":[{"embeddable":true,"href":"https:\/\/www.qc.cuny.edu\/academics\/rm\/wp-json\/wp\/v2\/comments?post=8527"}],"version-history":[{"count":0,"href":"https:\/\/www.qc.cuny.edu\/academics\/rm\/wp-json\/wp\/v2\/pages\/8527\/revisions"}],"wp:attachment":[{"href":"https:\/\/www.qc.cuny.edu\/academics\/rm\/wp-json\/wp\/v2\/media?parent=8527"}],"wp:term":[{"taxonomy":"page_category","embeddable":true,"href":"https:\/\/www.qc.cuny.edu\/academics\/rm\/wp-json\/wp\/v2\/page_category?post=8527"},{"taxonomy":"wf_page_folders","embeddable":true,"href":"https:\/\/www.qc.cuny.edu\/academics\/rm\/wp-json\/wp\/v2\/wf_page_folders?post=8527"}],"curies":[{"name":"wp","href":"https:\/\/api.w.org\/{rel}","templated":true}]}}