  {"id":6358,"date":"2020-08-10T10:14:36","date_gmt":"2020-08-10T14:14:36","guid":{"rendered":"http:\/\/149.4.100.129\/academics\/ge\/?page_id=6358"},"modified":"2021-07-21T17:35:36","modified_gmt":"2021-07-21T21:35:36","slug":"irish-studies-courses-spring","status":"publish","type":"page","link":"https:\/\/www.qc.cuny.edu\/academics\/is\/irish-studies-courses-spring\/","title":{"rendered":"Irish Studies Courses Spring"},"content":{"rendered":"<p>[et_pb_section fb_built=&#8221;1&#8243; _builder_version=&#8221;4.4.7&#8243; background_color=&#8221;rgba(0,0,0,0)&#8221; custom_padding=&#8221;16px|||||&#8221;][et_pb_row _builder_version=&#8221;4.4.7&#8243;][et_pb_column type=&#8221;4_4&#8243; _builder_version=&#8221;4.4.7&#8243;][et_pb_text _builder_version=&#8221;4.9.10&#8243; header_6_font=&#8221;Ubuntu|700|||||||&#8221; header_6_text_color=&#8221;#ffffff&#8221; header_6_font_size=&#8221;35px&#8221; background_color=&#8221;#e71939&#8243; custom_margin=&#8221;||||false|false&#8221; custom_padding=&#8221;10px|10px|10px|10px|true|true&#8221; hover_enabled=&#8221;0&#8243; border_radii=&#8221;off|20px|20px||&#8221; sticky_enabled=&#8221;0&#8243;]<\/p>\n<h6 class=\"entry-title\" style=\"text-align: center\">Irish Studies Courses Spring 2011<\/h6>\n<p>[\/et_pb_text][\/et_pb_column][\/et_pb_row][et_pb_row _builder_version=&#8221;4.9.10&#8243; custom_padding=&#8221;20px|20px|20px|20px|true|true&#8221; hover_enabled=&#8221;0&#8243; box_shadow_style=&#8221;preset3&#8243; sticky_enabled=&#8221;0&#8243;][et_pb_column type=&#8221;4_4&#8243; _builder_version=&#8221;4.4.7&#8243;][et_pb_accordion open_toggle_text_color=&#8221;#e71939&#8243; open_toggle_background_color=&#8221;#ffffff&#8221; closed_toggle_background_color=&#8221;#ffffff&#8221; icon_color=&#8221;#e71939&#8243; _builder_version=&#8221;4.5.2&#8243; _module_preset=&#8221;default&#8221; toggle_text_color=&#8221;#e71939&#8243; toggle_font=&#8221;Open Sans|600|||||||&#8221; body_font=&#8221;Open Sans||||||||&#8221; body_font_size=&#8221;16px&#8221; border_color_all=&#8221;#000000&#8243;][et_pb_accordion_item title=&#8221;ENGLISH 368W: W. B. Yeats&#8221; open=&#8221;off&#8221; _builder_version=&#8221;4.5.2&#8243; _module_preset=&#8221;default&#8221;]<\/p>\n<p>INSTRUCTOR: Jeff Cassvan<br \/>TIME: MW, 1:40-2:55<br \/>COURSE#: 2621<br \/>ROOM: RATHAUS 102<\/p>\n<p>[\/et_pb_accordion_item][et_pb_accordion_item title=&#8221;HISTORY 231: Ireland since 1690&#8243; _builder_version=&#8221;4.5.2&#8243; _module_preset=&#8221;default&#8221; open=&#8221;on&#8221;]<\/p>\n<p>INSTRUCTOR: Patrick McGough<br \/>TIME: Monday, 6:30-9:20 PM<br \/>COURSE#: 3122<br \/>ROOM: RAZRAN 343<\/p>\n<p>[\/et_pb_accordion_item][et_pb_accordion_item title=&#8221;HISTORY 200 (co-listed with Irish Studies 103): The Irish in America&#8221; _builder_version=&#8221;4.5.2&#8243; _module_preset=&#8221;default&#8221; open=&#8221;off&#8221;]<\/p>\n<p>INSTRUCTOR: Patrick McGough<br \/>TIME: Tuesday, 6:30-9:20 PM<br \/>COURSE#: 3102 (History 200)\/ 4043 (Irish Studies 103)<br \/>ROOM: POWDERMAKER 102<\/p>\n<p>[\/et_pb_accordion_item][et_pb_accordion_item title=&#8221;IRISH STUDIES 101 (IRI 103 Elementary Irish 1)&#8221; _builder_version=&#8221;4.5.2&#8243; _module_preset=&#8221;default&#8221; open=&#8221;off&#8221;]<\/p>\n<p>INSTRUCTOR: Clare Carroll (Siobh\u00e1n N\u00ed Mhaolag\u00e1in)<br \/> TIME: T 1:40-2:50<br \/> ROOM: POWDERMAKER 102<\/p>\n<p>Comment: You must apply for an e-permit to take IRI 103 (ONH02 \/ 0687) at Lehman College, and register there to get credit. To register, contact Clare Carroll at <a href=\"mailto:clare.carroll@qc.cuny.edu\">clare.carroll@qc.cuny.edu<\/a> or <a href=\"mailto:thomas.ihde@lehman.cuny.edu\">thomas.ihde@lehman.cuny.edu<\/a> for more information.<\/p>\n<p>[\/et_pb_accordion_item][et_pb_accordion_item title=&#8221;IRISH STUDIES 390 (IRI 105 Elementary Irish 3) &#8221; _builder_version=&#8221;4.5.2&#8243; _module_preset=&#8221;default&#8221; open=&#8221;off&#8221;]<\/p>\n<p>INSTRUCTOR: Clare Carroll (Siobh\u00e1n N\u00ed Mhaolag\u00e1in)<br \/> TIME: T 12:15-1:30<br \/> ROOM: POWDERMAKER 102<\/p>\n<p>&nbsp;<\/p>\n<p>Comment: You must apply for e-permit to take IRI 105 (ONA01 \/ 0690) at Lehman College, and register there to get credit. To register, contact Clare Carroll at <a href=\"mailto:clare.carroll@qc.cuny.edu\">clare.carroll@qc.cuny.edu<\/a> or <a href=\"mailto:thomas.ihde@lehman.cuny.edu\">thomas.ihde@lehman.cuny.edu<\/a> for more information.<\/p>\n<p>[\/et_pb_accordion_item][\/et_pb_accordion][\/et_pb_column][\/et_pb_row][\/et_pb_section]<\/p>\n","protected":false},"excerpt":{"rendered":"<p>Irish Studies Courses Spring 2011INSTRUCTOR: Jeff CassvanTIME: MW, 1:40-2:55COURSE#: 2621ROOM: RATHAUS 102INSTRUCTOR: Patrick McGoughTIME: Monday, 6:30-9:20 PMCOURSE#: 3122ROOM: RAZRAN 343INSTRUCTOR: Patrick McGoughTIME: Tuesday, 6:30-9:20 PMCOURSE#: 3102 (History 200)\/ 4043 (Irish Studies 103)ROOM: POWDERMAKER 102INSTRUCTOR: Clare Carroll (Siobh\u00e1n N\u00ed Mhaolag\u00e1in) TIME: T 1:40-2:50 ROOM: POWDERMAKER 102 Comment: You must apply for an e-permit to take IRI [&hellip;]<\/p>\n","protected":false},"author":2,"featured_media":0,"parent":0,"menu_order":0,"comment_status":"closed","ping_status":"closed","template":"","meta":{"_et_pb_use_builder":"on","_et_pb_old_content":"","_et_gb_content_width":"","inline_featured_image":false,"footnotes":""},"page_category":[],"wf_page_folders":[138],"class_list":["post-6358","page","type-page","status-publish","hentry"],"_links":{"self":[{"href":"https:\/\/www.qc.cuny.edu\/academics\/is\/wp-json\/wp\/v2\/pages\/6358","targetHints":{"allow":["GET"]}}],"collection":[{"href":"https:\/\/www.qc.cuny.edu\/academics\/is\/wp-json\/wp\/v2\/pages"}],"about":[{"href":"https:\/\/www.qc.cuny.edu\/academics\/is\/wp-json\/wp\/v2\/types\/page"}],"author":[{"embeddable":true,"href":"https:\/\/www.qc.cuny.edu\/academics\/is\/wp-json\/wp\/v2\/users\/2"}],"replies":[{"embeddable":true,"href":"https:\/\/www.qc.cuny.edu\/academics\/is\/wp-json\/wp\/v2\/comments?post=6358"}],"version-history":[{"count":0,"href":"https:\/\/www.qc.cuny.edu\/academics\/is\/wp-json\/wp\/v2\/pages\/6358\/revisions"}],"wp:attachment":[{"href":"https:\/\/www.qc.cuny.edu\/academics\/is\/wp-json\/wp\/v2\/media?parent=6358"}],"wp:term":[{"taxonomy":"page_category","embeddable":true,"href":"https:\/\/www.qc.cuny.edu\/academics\/is\/wp-json\/wp\/v2\/page_category?post=6358"},{"taxonomy":"wf_page_folders","embeddable":true,"href":"https:\/\/www.qc.cuny.edu\/academics\/is\/wp-json\/wp\/v2\/wf_page_folders?post=6358"}],"curies":[{"name":"wp","href":"https:\/\/api.w.org\/{rel}","templated":true}]}}