  {"id":8941,"date":"2025-01-02T20:33:18","date_gmt":"2025-01-03T01:33:18","guid":{"rendered":"http:\/\/149.4.100.129\/academics\/art\/?page_id=8941"},"modified":"2025-01-02T21:26:23","modified_gmt":"2025-01-03T02:26:23","slug":"michael-nelson","status":"publish","type":"page","link":"https:\/\/www.qc.cuny.edu\/academics\/art\/michael-nelson\/","title":{"rendered":"Michael C. Nelson"},"content":{"rendered":"<p>[et_pb_section fb_built=&#8221;1&#8243; _builder_version=&#8221;4.27.4&#8243; _module_preset=&#8221;default&#8221; global_colors_info=&#8221;{}&#8221;][et_pb_row column_structure=&#8221;1_3,1_3,1_3&#8243; _builder_version=&#8221;4.27.4&#8243; _module_preset=&#8221;default&#8221; global_colors_info=&#8221;{}&#8221;][et_pb_column type=&#8221;1_3&#8243; _builder_version=&#8221;4.27.4&#8243; _module_preset=&#8221;default&#8221; global_colors_info=&#8221;{}&#8221;][et_pb_button button_url=&#8221;https:\/\/www.qc.cuny.edu\/academics\/art\/michael-nelson&#8221; button_text=&#8221;Home&#8221; _builder_version=&#8221;4.27.4&#8243; _module_preset=&#8221;default&#8221; custom_button=&#8221;on&#8221; button_text_size=&#8221;14px&#8221; button_text_color=&#8221;#FFFFFF&#8221; button_bg_color=&#8221;#000000&#8243; button_border_width=&#8221;2px&#8221; button_border_radius=&#8221;0px&#8221; button_letter_spacing=&#8221;0px&#8221; button_font=&#8221;&#8211;et_global_body_font|600|||||||&#8221; button_use_icon=&#8221;off&#8221; custom_margin=&#8221;0px|-140px|1px||false|false&#8221; custom_padding=&#8221;0px|97px|0px||false|false&#8221; button_text_size_tablet=&#8221;14px&#8221; button_text_size_phone=&#8221;14px&#8221; button_text_size_last_edited=&#8221;on|desktop&#8221; custom_css_main_element=&#8221;text-decoration: none;||width: 60%;&#8221; global_colors_info=&#8221;{}&#8221; button_text_size__hover_enabled=&#8221;on|desktop&#8221; button_text_size__hover=&#8221;14px&#8221;][\/et_pb_button][et_pb_button button_url=&#8221;https:\/\/www.qc.cuny.edu\/academics\/art\/excavations-at-omrit-israel\/&#8221; button_text=&#8221;Excavations at Omrit &#8221; _builder_version=&#8221;4.27.4&#8243; _module_preset=&#8221;default&#8221; custom_button=&#8221;on&#8221; button_text_size=&#8221;14px&#8221; button_text_color=&#8221;#FFFFFF&#8221; button_bg_color=&#8221;#000000&#8243; button_border_width=&#8221;2px&#8221; button_border_radius=&#8221;0px&#8221; button_letter_spacing=&#8221;0px&#8221; button_font=&#8221;&#8211;et_global_body_font|600|||||||&#8221; button_use_icon=&#8221;off&#8221; custom_margin=&#8221;0px|-141px|1px||false|false&#8221; custom_padding=&#8221;0px|59px|0px||false|false&#8221; button_text_size_tablet=&#8221;14px&#8221; button_text_size_phone=&#8221;14px&#8221; button_text_size_last_edited=&#8221;on|desktop&#8221; custom_css_main_element=&#8221;text-decoration: none;||width: 60%;&#8221; global_colors_info=&#8221;{}&#8221; button_text_size__hover_enabled=&#8221;on|desktop&#8221; button_text_size__hover=&#8221;14px&#8221;][\/et_pb_button][et_pb_button button_url=&#8221;https:\/\/www.qc.cuny.edu\/academics\/art\/leukos-survey-project\/&#8221; button_text=&#8221; Leukos Survey Project&#8221; _builder_version=&#8221;4.27.4&#8243; _module_preset=&#8221;default&#8221; custom_button=&#8221;on&#8221; button_text_size=&#8221;14px&#8221; button_text_color=&#8221;#FFFFFF&#8221; button_bg_color=&#8221;#000000&#8243; button_border_width=&#8221;2px&#8221; button_border_radius=&#8221;0px&#8221; button_letter_spacing=&#8221;0px&#8221; button_font=&#8221;&#8211;et_global_body_font|600|||||||&#8221; button_use_icon=&#8221;off&#8221; custom_margin=&#8221;0px|-141px|1px||false|false&#8221; custom_padding=&#8221;0px|60px|0px||false|false&#8221; button_text_size_tablet=&#8221;14px&#8221; button_text_size_phone=&#8221;14px&#8221; button_text_size_last_edited=&#8221;on|desktop&#8221; custom_css_main_element=&#8221;text-decoration: none;||width: 60%;&#8221; global_colors_info=&#8221;{}&#8221; button_text_size__hover_enabled=&#8221;on|desktop&#8221; button_text_size__hover=&#8221;14px&#8221;][\/et_pb_button][et_pb_button button_url=&#8221;https:\/\/www.qc.cuny.edu\/academics\/art\/qc-students-in-the-field\/&#8221; button_text=&#8221;QC Students in the Field&#8221; _builder_version=&#8221;4.27.4&#8243; _module_preset=&#8221;default&#8221; custom_button=&#8221;on&#8221; button_text_size=&#8221;14px&#8221; button_text_color=&#8221;#FFFFFF&#8221; button_bg_color=&#8221;#000000&#8243; button_border_width=&#8221;2px&#8221; button_border_radius=&#8221;0px&#8221; button_letter_spacing=&#8221;0px&#8221; button_font=&#8221;&#8211;et_global_body_font|600|||||||&#8221; button_use_icon=&#8221;off&#8221; custom_margin=&#8221;0px|-139px|1px||false|false&#8221; custom_padding=&#8221;0px|60px|0px||false|false&#8221; button_text_size_tablet=&#8221;14px&#8221; button_text_size_phone=&#8221;14px&#8221; button_text_size_last_edited=&#8221;on|desktop&#8221; custom_css_main_element=&#8221;text-decoration: none;||width: 60%;&#8221; global_colors_info=&#8221;{}&#8221; button_text_size__hover_enabled=&#8221;on|desktop&#8221; button_text_size__hover=&#8221;14px&#8221;][\/et_pb_button][\/et_pb_column][et_pb_column type=&#8221;1_3&#8243; _builder_version=&#8221;4.27.4&#8243; _module_preset=&#8221;default&#8221; global_colors_info=&#8221;{}&#8221;][et_pb_text _builder_version=&#8221;4.27.4&#8243; _module_preset=&#8221;default&#8221; text_font=&#8221;&#8211;et_global_body_font||||||||&#8221; text_text_color=&#8221;#E71939&#8243; text_font_size=&#8221;29px&#8221; text_line_height=&#8221;1.2em&#8221; global_colors_info=&#8221;{}&#8221;]<\/p>\n<p>Michael C. Nelson<br \/>Department Chair, Art History<\/p>\n<p>[\/et_pb_text][et_pb_text _builder_version=&#8221;4.27.4&#8243; _module_preset=&#8221;default&#8221; text_font_size=&#8221;12px&#8221; text_line_height=&#8221;1.6em&#8221; global_colors_info=&#8221;{}&#8221;]<\/p>\n<p><strong>Undergraduate Courses:<\/strong><br \/>ArtH101: History of Western Art I<br \/>ArtH110: Survey of Ancient Art (PLAS)<br \/>ArtH205: Art of Early Greece: Aegean Art<br \/>ArtH206: Greek Art and Architecture<br \/>ArtH207: Roman Art and Architecture<br \/>ArtH399: Studies in Art History (Excavations at Omrit)<\/p>\n<p><strong>Graduate Courses:<\/strong><br \/>ArtH 751.1\/502: Roman Architecture<br \/>ArtH741.4\/502: Greek Architectural Sculpture<\/p>\n<p>[\/et_pb_text][\/et_pb_column][et_pb_column type=&#8221;1_3&#8243; _builder_version=&#8221;4.27.4&#8243; _module_preset=&#8221;default&#8221; global_colors_info=&#8221;{}&#8221;][et_pb_image src=&#8221;https:\/\/www.qc.cuny.edu\/academics\/art\/wp-content\/uploads\/sites\/71\/2025\/01\/michael-c-nelson_faculty-chair.jpg&#8221; alt=&#8221;Michael C. Nelson, Department Chair&#8221; title_text=&#8221;michael-c-nelson_faculty-chair&#8221; align=&#8221;center&#8221; _builder_version=&#8221;4.27.4&#8243; _module_preset=&#8221;default&#8221; global_colors_info=&#8221;{}&#8221;][\/et_pb_image][\/et_pb_column][\/et_pb_row][et_pb_row _builder_version=&#8221;4.17.0&#8243; _module_preset=&#8221;default&#8221; min_height=&#8221;1375px&#8221; custom_padding=&#8221;8px|||||&#8221; global_colors_info=&#8221;{}&#8221;][et_pb_column type=&#8221;4_4&#8243; _builder_version=&#8221;4.17.0&#8243; _module_preset=&#8221;default&#8221; global_colors_info=&#8221;{}&#8221;][et_pb_text _builder_version=&#8221;4.27.4&#8243; _module_preset=&#8221;default&#8221; text_font=&#8221;Open Sans||||||||&#8221; text_font_size=&#8221;16px&#8221; header_4_font=&#8221;Open Sans|600|||on||||&#8221; header_4_text_color=&#8221;#E71939&#8243; global_colors_info=&#8221;{}&#8221;]<\/p>\n<p><span><strong>Articles and Book Chapters<\/strong><\/span><\/p>\n<p><span>\u201cInnovation and Legacy: The Late Hellenistic Temple at Omrit in Northern Israel.\u201d\u00a0<\/span><em><strong>Meditations on the Diversity of the Built Environment in the Aegean Basin: Festschrift in Memory of Frederick E. Winter<\/strong><\/em><span>. Publications of the Canadian Institute in Greece, Vol. 8, 2014. (forthcoming)<\/span><\/p>\n<p><span>\u201cA Preliminary Overview of the Architectural Remains at Omrit.\u201d In Schowalter, D. and J.A. Overman (eds),\u00a0<\/span><em><strong>The Roman Temple Complex at Horvat Omrit: An Interim Report<\/strong><\/em><span>.\u00a0 Oxford: British Archaeological Reports, No. 2205, 2011, pp. 27-44.<\/span><\/p>\n<p><span>\u201cStucco Fluting the Columns of the Roman Temple at Omrit, Israel.\u201d With J. Thole,\u00a0<\/span><em><strong>JRA<\/strong><\/em><span>\u00a022, 2009, pp. 349-354.<\/span><br \/><span>\u00a0<\/span><br \/><span>\u201cA Newly Discovered Herodian Temple at Khirbet Omrit in Northern Israel.\u201d With J. A. Overman and J. Olive, in N. Kokkinos (ed.),\u00a0<\/span><em><strong>The World of Herods and Nabataeans<\/strong><\/em><span>. Stuttgart: Franz Steiner Verlag GmbH, 2007, pp.177-195.<\/span><br \/><span>\u00a0<\/span><br \/><span>\u201cMinoan and Mycenaean Stone Revetment.\u201d In P. Betancourt, M. Nelson and N. Williams (eds.),\u00a0<\/span><em><strong>K\u03a1\u0399\u039d\u039f\u0399 \u03ba\u03b1\u03b9 \u039b\u0399\u039c\u0395\u039d\u039f\u0399: Festschrift in Honor of Joseph and Maria Shaw<\/strong><\/em><span>\u00a0(Prehistory Monographs 22). Philadelphia: INSTAP Academic Press, 2007, pp. 17-22.<\/span><br \/><span>\u00a0<\/span><br \/><span>\u201cPylos, Block Masonry and Monumental Architecture in the Late Bronze Age Peloponnese.\u201d\u00a0 In J. Bretschneider, J. Driessen, and K. Van Lerberghe (eds.),\u00a0<\/span><em><strong>Power and Architecture: Monumental Architecture in the Bronze Age Near East and The Aegean<\/strong><\/em><span>. Leuven: Orientalia Lovaniensia Analecta 156,\u00a0 2006, pp. 143-159.<\/span><\/p>\n<p><span>\u201cLeveling Ashlar Masonry.\u201d\u00a0 In Foster, K. and R. Laffineur (eds.),\u00a0<\/span><em><strong>METRON: Measuring the Aegean Bronze Age<\/strong><\/em><span>,\u00a0<\/span><em><strong>Aegeaum<\/strong><\/em><span>\u00a024.\u00a0 Liege: Universit\u00e9 de Li\u00e8ge, Histoire de l&#8217;art et arch\u00e9ologie de la Gr\u00e8ce antique ; Austin: University of Texas at Austin, Program in Aegean Scripts and Prehistory, 2003,\u00a0 pp. 269-274.<\/span><\/p>\n<p><span>\u201cDiscovering Herod\u2019s Shrine to Augustus: Mystery Temple Found at Omrit.\u201d With J. Andrew Overman and J. Olive,\u00a0<\/span><em><strong>BAR<\/strong><\/em><span>\u00a0March\/April Vol. 29, No. 2, 2003, pp. 40-67.<\/span><br \/><span>\u00a0<\/span><br \/><span><strong>Conference Papers and Published Abstracts<\/strong><\/span><br \/><span>\u00a0<\/span><br \/><span>\u201cBuilding on the Border: The Early Shrine Complex at Omrit.\u201d With J.A. Overman and D. Schowalter. 2013 Annual Meeting of the American Schools of Oriental Research, Baltimore. November 20-23, 2013.<\/span><\/p>\n<p><span>\u201cThe Leukos Survey Project: The 2011 Field Season.\u201d With I. Begg, T. Brenningmeyer and A. Kelly. Annual Meeting of the Archaeological Institute of America, Seattle, Jan. 3-6, 2013.<\/span><\/p>\n<p><span>\u201cThe Leukos Survey Project, 2009 and 2010 Field Seasons.\u201d With T. Brenningmeyer and A. Kelly. 2011 Annual Meeting of the Archaeological Institute of America, San Antonio, Jan. 6-9, 2011. \u00a0<\/span><\/p>\n<p><span>\u201cPlacing the Temple Complex at Omrit: Ancillary Architecture, Decorative and Epigraphic Evidence, and Regional Identity.\u201d With J. Andrew Overman and D. Schowalter.\u00a0 2010 Annual Meeting of the American Schools of Oriental Research, Atlanta, Nov. 17-20, 2010.<\/span><\/p>\n<p><span>\u201cExcavations at Omrit, 2007-2008: Investigating a Roman Temple in Northern Israel.\u201d with D. N. Schowalter and J.A. Overman. Annual Meeting of the American Schools of Oriental Research, New Orleans, November 18-21, 2009.<\/span><br \/><span>\u00a0<\/span><br \/><span>\u201cOmrit: From Roadside Shrine to City?\u201d Greco-Roman Galilee Symposium at Kinneret College and Tel Hai College, Israel, June 21-23, 2009.<\/span><br \/><span>\u00a0<\/span><br \/><span>\u201cExplorations Around Karpathos, 1923 and 2008,\u201d With D.J. Begg.\u00a0 110th Annual Meeting of the Archaeological Institute of America, Philadelphia, Jan. 8-11, 2009.<\/span><br \/><span>\u00a0<\/span><br \/><span>\u201cRecent Developments in the Excavations at Omrit,\u201d Roman Conference on Galilee, June 25-26, 2007, Tel Hai College, Israel.<\/span><br \/><span>\u00a0<\/span><br \/><span>\u201cArchitecture and Power in Northern Roman Palestine,\u201d With D. Schowalter.\u00a0 Seventeenth Theoretical Roman Archaeology Conference, University College, London, March 29, 2007.<\/span><br \/><span>\u00a0<\/span><br \/><span>\u201cMacalester College Excavations at Omrit: The 2004-2006 Field Seasons,\u201d 108th Annual Meeting of the Archaeological Institute of America, San Diego, Jan. 4-7, 2007.<\/span><\/p>\n<p><span>\u201cKarpathos, Saria and the Lost City of Nisyros,\u201d With D.J. Begg. 106th Annual Meeting of the Archaeological Institute of America, Boston, Jan. 6-9, 2005.<\/span><\/p>\n<p>[\/et_pb_text][\/et_pb_column][\/et_pb_row][\/et_pb_section]<\/p>\n","protected":false},"excerpt":{"rendered":"<p>Michael C. NelsonDepartment Chair, Art HistoryUndergraduate Courses:ArtH101: History of Western Art IArtH110: Survey of Ancient Art (PLAS)ArtH205: Art of Early Greece: Aegean ArtArtH206: Greek Art and ArchitectureArtH207: Roman Art and ArchitectureArtH399: Studies in Art History (Excavations at Omrit) Graduate Courses:ArtH 751.1\/502: Roman ArchitectureArtH741.4\/502: Greek Architectural SculptureArticles and Book Chapters \u201cInnovation and Legacy: The Late Hellenistic [&hellip;]<\/p>\n","protected":false},"author":197,"featured_media":0,"parent":0,"menu_order":0,"comment_status":"closed","ping_status":"closed","template":"","meta":{"_et_pb_use_builder":"on","_et_pb_old_content":"","_et_gb_content_width":"","inline_featured_image":false,"footnotes":""},"page_category":[],"wf_page_folders":[360],"class_list":["post-8941","page","type-page","status-publish","hentry"],"_links":{"self":[{"href":"https:\/\/www.qc.cuny.edu\/academics\/art\/wp-json\/wp\/v2\/pages\/8941","targetHints":{"allow":["GET"]}}],"collection":[{"href":"https:\/\/www.qc.cuny.edu\/academics\/art\/wp-json\/wp\/v2\/pages"}],"about":[{"href":"https:\/\/www.qc.cuny.edu\/academics\/art\/wp-json\/wp\/v2\/types\/page"}],"author":[{"embeddable":true,"href":"https:\/\/www.qc.cuny.edu\/academics\/art\/wp-json\/wp\/v2\/users\/197"}],"replies":[{"embeddable":true,"href":"https:\/\/www.qc.cuny.edu\/academics\/art\/wp-json\/wp\/v2\/comments?post=8941"}],"version-history":[{"count":0,"href":"https:\/\/www.qc.cuny.edu\/academics\/art\/wp-json\/wp\/v2\/pages\/8941\/revisions"}],"wp:attachment":[{"href":"https:\/\/www.qc.cuny.edu\/academics\/art\/wp-json\/wp\/v2\/media?parent=8941"}],"wp:term":[{"taxonomy":"page_category","embeddable":true,"href":"https:\/\/www.qc.cuny.edu\/academics\/art\/wp-json\/wp\/v2\/page_category?post=8941"},{"taxonomy":"wf_page_folders","embeddable":true,"href":"https:\/\/www.qc.cuny.edu\/academics\/art\/wp-json\/wp\/v2\/wf_page_folders?post=8941"}],"curies":[{"name":"wp","href":"https:\/\/api.w.org\/{rel}","templated":true}]}}